{"id":10383,"date":"2025-12-09T11:51:48","date_gmt":"2025-12-09T10:51:48","guid":{"rendered":"https:\/\/wuttke-klimatechnik.de\/jobs-and-careers\/"},"modified":"2026-04-16T23:06:21","modified_gmt":"2026-04-16T21:06:21","slug":"jobs-and-careers","status":"publish","type":"page","link":"https:\/\/wuttke-klimatechnik.de\/en\/jobs-and-careers\/","title":{"rendered":"Jobs and careers"},"content":{"rendered":"<div class=\"et_pb_section_0 et_pb_section et_section_regular et_block_section section_has_divider et_pb_bottom_divider preset--group--divi-section--divi-background--o18vuevyhp\" id=\"stellenangebote\">\n<div class=\"et_pb_row_0 et_pb_row et_block_row preset--module--divi-row--default\">\n<div class=\"et_pb_column_0 et_pb_column et_pb_column_3_5 et_block_column et_pb_css_mix_blend_mode_passthrough\">\n<div class=\"et_pb_text_0 et_pb_text et_pb_bg_layout_light et_pb_module et_block_module preset--group--divi-text--divi-font-body--default preset--group--divi-text--divi-font-header--default\"><div class=\"et_pb_text_inner\"><h1><strong>Careers<\/strong> at Wuttke Klimatechnik<\/h1>\n<\/div><\/div>\n<\/div>\n\n<div class=\"et_pb_column_1 et_pb_column et_pb_column_2_5 et-last-child et_block_column et_pb_css_mix_blend_mode_passthrough\">\n<div class=\"et_pb_image_0 et_pb_image et_pb_module et_block_module\"><span class=\"et_pb_image_wrap\"><img loading=\"lazy\" decoding=\"async\" src=\"https:\/\/wuttke-klimatechnik.de\/wp-content\/uploads\/2026\/01\/wuttke_jobs_A7407939-scaled.jpg\" title=\"wuttke_jobs_A7407939\" width=\"2560\" height=\"1707\" srcset=\"https:\/\/wuttke-klimatechnik.de\/wp-content\/uploads\/2026\/01\/wuttke_jobs_A7407939-scaled.jpg 2560w, https:\/\/wuttke-klimatechnik.de\/wp-content\/uploads\/2026\/01\/wuttke_jobs_A7407939-1280x854.jpg 1280w, https:\/\/wuttke-klimatechnik.de\/wp-content\/uploads\/2026\/01\/wuttke_jobs_A7407939-980x653.jpg 980w, https:\/\/wuttke-klimatechnik.de\/wp-content\/uploads\/2026\/01\/wuttke_jobs_A7407939-480x320.jpg 480w\" sizes=\"(min-width: 0px) and (max-width: 480px) 480px, (min-width: 481px) and (max-width: 980px) 980px, (min-width: 981px) and (max-width: 1280px) 1280px, (min-width: 1281px) 2560px, 100vw\" class=\"wp-image-9541\" \/><\/span><\/div>\n<\/div>\n<\/div>\n\n<div class=\"et_pb_row_1 et_pb_row et_pb_equal_columns et_pb_gutters4 et_block_row preset--module--divi-row--v7xb7n4g3t\">\n<div class=\"et_pb_column_2 et_pb_column et_pb_column_4_4 et-last-child et_block_column et_pb_css_mix_blend_mode_passthrough\">\n<div class=\"et_pb_text_1 et_pb_text et_pb_bg_layout_light et_pb_module et_block_module preset--group--divi-text--divi-font-body--default preset--group--divi-text--divi-font-header--default\"><div class=\"et_pb_text_inner\"><h2>Current job openings<\/h2>\n<p>Here you will find <strong>our currently open positions<\/strong>.<\/p>\n<p>Get to know us as an employer and<strong> discover your opportunities to become part of our team<\/strong>. We look forward to taking the next steps with you and working together successfully. <\/p>\n<\/div><\/div>\n\n<div class=\"et_pb_row_2 et_pb_row et_pb_row_nested et_flex_row preset--module--divi-row--default\">\n<div class=\"et_pb_column_3 et_pb_column et-last-child et_flex_column et_pb_css_mix_blend_mode_passthrough et_flex_column_24_24 et_flex_column_24_24_tablet et_flex_column_24_24_phone\">\n<div class=\"et_pb_code_0 et_pb_code et_pb_module\"><div class=\"et_pb_code_inner\"><div class=\"job-postings-filters clearfix filter-style-1\"><div class=\"job-listing-categories align-left\" role=\"group\" aria-label=\"Filter jobs by category\"><a href=\"https:\/\/wuttke-klimatechnik.de\/en\/jobs-and-careers\/?job-category=all\" class=\"job-category job-category-all \">All<\/a><a href=\"https:\/\/wuttke-klimatechnik.de\/en\/jobs-and-careers\/?job-category=ausbildung\" class=\"job-category job-category-ausbildung  \">Ausbildung <span class=\"category\">(3)<\/span><\/a><a href=\"https:\/\/wuttke-klimatechnik.de\/en\/jobs-and-careers\/?job-category=festanstellung\" class=\"job-category job-category-festanstellung  \">Festanstellung <span class=\"category\">(6)<\/span><\/a><a href=\"https:\/\/wuttke-klimatechnik.de\/en\/jobs-and-careers\/?job-category=praktika\" class=\"job-category job-category-praktika  \">Praktika <span class=\"category\">(1)<\/span><\/a><\/div><div class=\"jobs-search\"><form method=\"GET\" action=\"https:\/\/wuttke-klimatechnik.de\/en\/jobs-and-careers\/\" role=\"search\" aria-label=\"Search for jobs\"><input type=\"hidden\" value=\"\" name=\"job-category\"><label for=\"job-search-input-1\" class=\"sr-only\">Search for jobs<\/label><input id=\"job-search-input-1\" class=\"job-search\" type=\"text\" placeholder=\"Vacancy Search\" value=\"\" name=\"job-search\" aria-label=\"Search for jobs\"><button type=\"submit\" class=\"job-search-submit\" aria-label=\"Submit search\"><svg width=\"0px\" height=\"0px\" version=\"1.1\" xmlns=\"http:\/\/www.w3.org\/2000\/svg\" xmlns:xlink=\"http:\/\/www.w3.org\/1999\/xlink\" x=\"0px\" y=\"0px\"\r\n\t viewBox=\"0 0 56.966 56.966\" xml:space=\"preserve\">\r\n<path d=\"M55.146,51.887L41.588,37.786c3.486-4.144,5.396-9.358,5.396-14.786c0-12.682-10.318-23-23-23s-23,10.318-23,23\r\n\ts10.318,23,23,23c4.761,0,9.298-1.436,13.177-4.162l13.661,14.208c0.571,0.593,1.339,0.92,2.162,0.92\r\n\tc0.779,0,1.518-0.297,2.079-0.837C56.255,54.982,56.293,53.08,55.146,51.887z M23.984,6c9.374,0,17,7.626,17,17s-7.626,17-17,17\r\n\ts-17-7.626-17-17S14.61,6,23.984,6z\"\/>\r\n\r\n<\/svg>\r\n<span class=\"sr-only\">Search<\/span><\/button><\/form><\/div><\/div><section class=\"job-listing row clearfix\" aria-label=\"Job listings\"><div class=\"column medium-12 col-md-12\" role=\"list\"><article class=\"job-preview clearfix\" role=\"article\" aria-labelledby=\"job-title-9521\"><div class=\"job-content\"><h5><a href=\"https:\/\/wuttke-klimatechnik.de\/en\/job\/technischer-systemplaner-ausbildung\/\" id=\"job-title-9521\" target=\"_self\"><span>Technischer Systemplaner (Technischer Zeichner) mit Fachrichtung Versorgungs- und Ausr\u00fcstungstechnik (m\/w\/d) - Ausbildung<\/span><\/a><\/h5><div class=\"job-additional-information\" aria-label=\"Additional job information\"><span>Magdeburg<\/span><span class=\"job-preview-details-separator\">, <span><span>Full-time<\/span><\/div><\/div><div class=\"job-cta\"><a href=\"https:\/\/wuttke-klimatechnik.de\/en\/job\/technischer-systemplaner-ausbildung\/\" target=\"_self\" class=\"apply-btn local\" aria-label=\"View job: Technischer Systemplaner (Technischer Zeichner) mit Fachrichtung Versorgungs- und Ausr\u00fcstungstechnik (m\/w\/d) - Ausbildung\">View<\/a><\/div><\/article><article class=\"job-preview clearfix\" role=\"article\" aria-labelledby=\"job-title-8868\"><div class=\"job-content\"><h5><a href=\"https:\/\/wuttke-klimatechnik.de\/en\/job\/technischer-systemplaner\/\" id=\"job-title-8868\" target=\"_self\"><span>Technischer Systemplaner (Schwerpunkt Versorgungs- und Ausr\u00fcstungstechniktechnik) - Technischer Zeichner \/ CAD-Konstrukteur \/ Bauzeichner (m\/w\/d)<\/span><\/a><\/h5><div class=\"job-additional-information\" aria-label=\"Additional job information\"><span>Magdeburg<\/span><span class=\"job-preview-details-separator\">, <span><span>Full-time<\/span><\/div><\/div><div class=\"job-cta\"><a href=\"https:\/\/wuttke-klimatechnik.de\/en\/job\/technischer-systemplaner\/\" target=\"_self\" class=\"apply-btn local\" aria-label=\"View job: Technischer Systemplaner (Schwerpunkt Versorgungs- und Ausr\u00fcstungstechniktechnik) - Technischer Zeichner \/ CAD-Konstrukteur \/ Bauzeichner (m\/w\/d)\">View<\/a><\/div><\/article><article class=\"job-preview clearfix\" role=\"article\" aria-labelledby=\"job-title-9516\"><div class=\"job-content\"><h5><a href=\"https:\/\/wuttke-klimatechnik.de\/en\/job\/studienrelevante-praktika\/\" id=\"job-title-9516\" target=\"_self\"><span>Studienrelevante Praktika (Ingenieurwissenschaftliche \/ Wirtschaftsingenieur Maschinenbau und Logistik, Integrated Design Engineering, Mechatronik, Versorgungstechnik o. betriebswirtschaftliche Studieng\u00e4nge, mit Schwerpunkt Marketing)<\/span><\/a><\/h5><div class=\"job-additional-information\" aria-label=\"Additional job information\"><span>Magdeburg<\/span><span class=\"job-preview-details-separator\">, <span><span>Full-time<\/span><\/div><\/div><div class=\"job-cta\"><a href=\"https:\/\/wuttke-klimatechnik.de\/en\/job\/studienrelevante-praktika\/\" target=\"_self\" class=\"apply-btn local\" aria-label=\"View job: Studienrelevante Praktika (Ingenieurwissenschaftliche \/ Wirtschaftsingenieur Maschinenbau und Logistik, Integrated Design Engineering, Mechatronik, Versorgungstechnik o. betriebswirtschaftliche Studieng\u00e4nge, mit Schwerpunkt Marketing)\">View<\/a><\/div><\/article><article class=\"job-preview clearfix\" role=\"article\" aria-labelledby=\"job-title-9519\"><div class=\"job-content\"><h5><a href=\"https:\/\/wuttke-klimatechnik.de\/en\/job\/servicetechniker-mechatroniker\/\" id=\"job-title-9519\" target=\"_self\"><span>Servicetechniker - Mechatroniker f\u00fcr K\u00e4ltetechnik (m\/w\/d)<\/span><\/a><\/h5><div class=\"job-additional-information\" aria-label=\"Additional job information\"><span>Magdeburg<\/span><span class=\"job-preview-details-separator\">, <span><span>Full-time<\/span><\/div><\/div><div class=\"job-cta\"><a href=\"https:\/\/wuttke-klimatechnik.de\/en\/job\/servicetechniker-mechatroniker\/\" target=\"_self\" class=\"apply-btn local\" aria-label=\"View job: Servicetechniker - Mechatroniker f\u00fcr K\u00e4ltetechnik (m\/w\/d)\">View<\/a><\/div><\/article><article class=\"job-preview clearfix\" role=\"article\" aria-labelledby=\"job-title-9518\"><div class=\"job-content\"><h5><a href=\"https:\/\/wuttke-klimatechnik.de\/en\/job\/servicetechniker-anlagenmechaniker\/\" id=\"job-title-9518\" target=\"_self\"><span>Servicetechniker (m\/w\/d) - Anlagenmechaniker (SHK)<\/span><\/a><\/h5><div class=\"job-additional-information\" aria-label=\"Additional job information\"><span>Magdeburg<\/span><span class=\"job-preview-details-separator\">, <span><span>Full-time<\/span><\/div><\/div><div class=\"job-cta\"><a href=\"https:\/\/wuttke-klimatechnik.de\/en\/job\/servicetechniker-anlagenmechaniker\/\" target=\"_self\" class=\"apply-btn local\" aria-label=\"View job: Servicetechniker (m\/w\/d) - Anlagenmechaniker (SHK)\">View<\/a><\/div><\/article><article class=\"job-preview clearfix\" role=\"article\" aria-labelledby=\"job-title-9517\"><div class=\"job-content\"><h5><a href=\"https:\/\/wuttke-klimatechnik.de\/en\/job\/projektleiter-ingenieur\/\" id=\"job-title-9517\" target=\"_self\"><span>Projektleiter (m\/w\/d) (Ingenieur o. anderweitig h\u00f6her qualifiziert, z.B. staatl. gepr\u00fcfter Techniker mit Schwerpunkt L\u00fcftungs- und Klimatechnik)<\/span><\/a><\/h5><div class=\"job-additional-information\" aria-label=\"Additional job information\"><span>Magdeburg<\/span><span class=\"job-preview-details-separator\">, <span><span>Full-time<\/span><\/div><\/div><div class=\"job-cta\"><a href=\"https:\/\/wuttke-klimatechnik.de\/en\/job\/projektleiter-ingenieur\/\" target=\"_self\" class=\"apply-btn local\" aria-label=\"View job: Projektleiter (m\/w\/d) (Ingenieur o. anderweitig h\u00f6her qualifiziert, z.B. staatl. gepr\u00fcfter Techniker mit Schwerpunkt L\u00fcftungs- und Klimatechnik)\">View<\/a><\/div><\/article><article class=\"job-preview clearfix\" role=\"article\" aria-labelledby=\"job-title-9522\"><div class=\"job-content\"><h5><a href=\"https:\/\/wuttke-klimatechnik.de\/en\/job\/obermonteur-anlagenmechaniker\/\" id=\"job-title-9522\" target=\"_self\"><span>Obermonteur: Anlagenmechaniker (SHK) - (m\/w\/d)<\/span><\/a><\/h5><div class=\"job-additional-information\" aria-label=\"Additional job information\"><span>Magdeburg<\/span><span class=\"job-preview-details-separator\">, <span><span>Full-time<\/span><\/div><\/div><div class=\"job-cta\"><a href=\"https:\/\/wuttke-klimatechnik.de\/en\/job\/obermonteur-anlagenmechaniker\/\" target=\"_self\" class=\"apply-btn local\" aria-label=\"View job: Obermonteur: Anlagenmechaniker (SHK) - (m\/w\/d)\">View<\/a><\/div><\/article><article class=\"job-preview clearfix\" role=\"article\" aria-labelledby=\"job-title-9520\"><div class=\"job-content\"><h5><a href=\"https:\/\/wuttke-klimatechnik.de\/en\/job\/mechatroniker-kaeltetechnik-ausbildung\/\" id=\"job-title-9520\" target=\"_self\"><span>Mechatroniker f\u00fcr K\u00e4ltetechnik (m\/w\/d) - Ausbildung<\/span><\/a><\/h5><div class=\"job-additional-information\" aria-label=\"Additional job information\"><span>Magdeburg<\/span><span class=\"job-preview-details-separator\">, <span><span>Full-time<\/span><\/div><\/div><div class=\"job-cta\"><a href=\"https:\/\/wuttke-klimatechnik.de\/en\/job\/mechatroniker-kaeltetechnik-ausbildung\/\" target=\"_self\" class=\"apply-btn local\" aria-label=\"View job: Mechatroniker f\u00fcr K\u00e4ltetechnik (m\/w\/d) - Ausbildung\">View<\/a><\/div><\/article><article class=\"job-preview clearfix\" role=\"article\" aria-labelledby=\"job-title-8861\"><div class=\"job-content\"><h5><a href=\"https:\/\/wuttke-klimatechnik.de\/en\/job\/duales-studium-kaeltesystemtechnik\/\" id=\"job-title-8861\" target=\"_self\"><span>Duales Studium (Klima- \/K\u00e4ltesystemtechnik) (m\/w\/d)<\/span><\/a><\/h5><div class=\"job-additional-information\" aria-label=\"Additional job information\"><span>Magdeburg<\/span><span class=\"job-preview-details-separator\">, <span><span>Full-time<\/span><\/div><\/div><div class=\"job-cta\"><a href=\"https:\/\/wuttke-klimatechnik.de\/en\/job\/duales-studium-kaeltesystemtechnik\/\" target=\"_self\" class=\"apply-btn local\" aria-label=\"View job: Duales Studium (Klima- \/K\u00e4ltesystemtechnik) (m\/w\/d)\">View<\/a><\/div><\/article><article class=\"job-preview clearfix\" role=\"article\" aria-labelledby=\"job-title-9514\"><div class=\"job-content\"><h5><a href=\"https:\/\/wuttke-klimatechnik.de\/en\/job\/anlagenmechaniker-werkstatt\/\" id=\"job-title-9514\" target=\"_self\"><span>Anlagenmechaniker (SHK) - (m\/w\/d) - Werkstatt<\/span><\/a><\/h5><div class=\"job-additional-information\" aria-label=\"Additional job information\"><span>Magdeburg<\/span><span class=\"job-preview-details-separator\">, <span><span>Full-time<\/span><\/div><\/div><div class=\"job-cta\"><a href=\"https:\/\/wuttke-klimatechnik.de\/en\/job\/anlagenmechaniker-werkstatt\/\" target=\"_self\" class=\"apply-btn local\" aria-label=\"View job: Anlagenmechaniker (SHK) - (m\/w\/d) - Werkstatt\">View<\/a><\/div><\/article><\/div><\/section><\/div><\/div>\n<\/div>\n<\/div>\n<\/div>\n<\/div>\n\n<div class=\"et_pb_row_3 et_pb_row et_pb_equal_columns et_pb_gutters4 et_block_row preset--module--divi-row--default\">\n<div class=\"et_pb_column_4 et_pb_column et_pb_column_4_4 et-last-child et_block_column et_pb_css_mix_blend_mode_passthrough\">\n<div class=\"et_pb_text_2 et_pb_text et_pb_bg_layout_light et_pb_module et_block_module preset--group--divi-text--divi-font-body--default preset--group--divi-text--divi-font-header--default\"><div class=\"et_pb_text_inner\"><p>As a <strong>leading company in ventilation, air conditioning and refrigeration technology<\/strong>, we continuously develop and are always looking for dedicated new employees who want to work with us to deliver complex and demanding projects.<\/p>\n<p>High-performing and motivated specialists are exactly what we are looking for. In addition to <strong>open positions<\/strong>, we also <strong>offer apprenticeships and internships<\/strong>, thereby creating entry opportunities for both <strong>young professionals and career changers<\/strong>. <\/p>\n<p>Supporting young talent is particularly important to us. As a long-standing training company, we provide a solid start to professional life and support our employees with comprehensive training and <strong>further education programs<\/strong>. In addition, we support qualifications such as <strong>master craftsman training or further training to become a project manager<\/strong>.  <\/p>\n<p>If the currently advertised positions do not match your profile, but you can contribute to our team with your professional skills or experience, we would be pleased to receive your <strong>unsolicited application<\/strong>.<\/p>\n<p>Please send your complete application documents as a<strong> PDF file by email<\/strong> to<br \/><strong>bewerbung(at)wuttke-klimatechnik.de<\/strong><br \/>or alternatively by post to:<\/p>\n<p>Wuttke Gesellschaft f\u00fcr L\u00fcftungs- und Klimatechnik mbH<br \/>Scheidebuschstra\u00dfe 26<br \/>39126 Magdeburg<\/p>\n<p>Please also include your possible starting date and salary expectations in your application.<\/p>\n<\/div><\/div>\n\n\n\n\n<\/div>\n<\/div>\n<div class=\"et_pb_bottom_inside_divider et-no-transition\"><\/div><\/div>\n\n<div class=\"et_pb_section_1 et_pb_section et_section_regular et_block_section section_has_divider et_pb_top_divider et_pb_bottom_divider preset--module--divi-section--lqkcznloe0\" id=\"ausbildung\"><div class=\"et_pb_top_inside_divider et-no-transition\"><\/div>\n<div class=\"et_pb_row_4 et_pb_row et_pb_equal_columns et_pb_gutters4 et_block_row preset--module--divi-row--v7xb7n4g3t\" id=\"klimatechnik\">\n<div class=\"et_pb_column_5 et_pb_column et_pb_column_1_2 et_block_column et_pb_css_mix_blend_mode_passthrough\">\n<div class=\"et_pb_text_3 et_pb_text et_pb_bg_layout_light et_pb_module et_block_module preset--group--divi-text--divi-font-body--default preset--group--divi-text--divi-font-header--default\"><div class=\"et_pb_text_inner\"><h3>Apprenticeship at Wuttke<\/h3>\n<p>We are a recognized and certified training company and offer a solid entry into technical professions in building services, air conditioning and refrigeration technology. At our site, we train, among others, <strong>plant and industrial mechanics, mechatronics technicians for refrigeration technology<\/strong>, and <strong>electronics technicians for energy and building technology<\/strong>. <\/p>\n<p>During your apprenticeship, experienced specialists and qualified trainers provide you with practical knowledge in ventilation, air conditioning and refrigeration systems, modern building services technology, as well as installation and service processes. You will be gradually prepared for the final skilled worker examination and work as part of an established and supportive team from the very beginning. <\/p>\n<p>Detailed information on training content, requirements and the desired candidate profile can be found in the description of the <a href=\"\/wp-content\/uploads\/2026\/04\/wuttke-klimatechnik_Ausbildungsinhalte-Anlagenmechaniker.pdf\" target=\"_blank\" rel=\"noopener\" title=\"PDF download: Apprenticeship as a plant and industrial mechanic\">apprenticeship for plant and industrial mechanics<\/a> <strong>(SHK).<\/strong> <\/p>\n<p>Additional information on the <strong>apprenticeship for mechatronics technicians for refrigeration technology<\/strong> is also provided by the <strong>Federal Guild Association<\/strong> of the <strong>German Refrigeration Engineering Trade (BiV).<\/strong><\/p>\n<\/div><\/div>\n<\/div>\n\n<div class=\"et_pb_column_6 et_pb_column et_pb_column_1_2 et-last-child et_block_column et_pb_css_mix_blend_mode_passthrough\">\n<div class=\"et_pb_text_4 et_pb_text et_pb_bg_layout_light et_pb_module et_flex_module preset--group--divi-text--divi-font-body--default preset--group--divi-text--divi-font-header--default\"><div class=\"et_pb_text_inner\"><p><strong>Requirements for an apprenticeship with us in Magdeburg:<\/strong><\/p>\n<ul>\n<li>Secondary school certificate<\/li>\n<li>Good grades in German and Mathematics<\/li>\n<li>Manual skills and technical interest<\/li>\n<li>Reliability, ability to work in a team, and a strong hands-on mentality<\/li>\n<\/ul>\n<p>Assembly work outside Magdeburg is compensated with a subsistence allowance. We cover travel expenses to the company throughout the entire training period. <\/p>\n<p>Please send your application by email, in writing, or in person to:<\/p>\n<p><strong>bewerbung(at)wuttke-klimatechnik.de.<\/strong><\/p>\n<p>If you have any questions, we are always happy to be available for a personal meeting.<\/p>\n<\/div><\/div>\n\n<div class=\"et_pb_image_1 et_pb_image et_pb_module et_block_module preset--module--divi-image--15eth5dvf7\"><span class=\"et_pb_image_wrap\"><img loading=\"lazy\" decoding=\"async\" src=\"https:\/\/wuttke-klimatechnik.de\/wp-content\/uploads\/2026\/01\/wuttke_jobs_ausbildung_A7403442-scaled.jpg\" title=\"wuttke_jobs_ausbildung_A7403442\" width=\"2560\" height=\"1707\" srcset=\"https:\/\/wuttke-klimatechnik.de\/wp-content\/uploads\/2026\/01\/wuttke_jobs_ausbildung_A7403442-scaled.jpg 2560w, https:\/\/wuttke-klimatechnik.de\/wp-content\/uploads\/2026\/01\/wuttke_jobs_ausbildung_A7403442-1280x854.jpg 1280w, https:\/\/wuttke-klimatechnik.de\/wp-content\/uploads\/2026\/01\/wuttke_jobs_ausbildung_A7403442-980x653.jpg 980w, https:\/\/wuttke-klimatechnik.de\/wp-content\/uploads\/2026\/01\/wuttke_jobs_ausbildung_A7403442-480x320.jpg 480w\" sizes=\"(min-width: 0px) and (max-width: 480px) 480px, (min-width: 481px) and (max-width: 980px) 980px, (min-width: 981px) and (max-width: 1280px) 1280px, (min-width: 1281px) 2560px, 100vw\" class=\"wp-image-9538\" \/><\/span><\/div>\n<\/div>\n<\/div>\n<div class=\"et_pb_bottom_inside_divider et-no-transition\"><\/div><\/div>\n\n<div class=\"et_pb_section_2 et_pb_section et_section_regular et_block_section section_has_divider et_pb_bottom_divider preset--module--divi-section--lqkcznloe0\" id=\"praktika\">\n<div class=\"et_pb_row_5 et_pb_row et_pb_equal_columns et_pb_gutters4 et_block_row preset--module--divi-row--v7xb7n4g3t\" id=\"klimatechnik\">\n<div class=\"et_pb_column_7 et_pb_column et_pb_column_1_2 et_block_column et_pb_css_mix_blend_mode_passthrough\">\n<div class=\"et_pb_text_5 et_pb_text et_pb_bg_layout_light et_pb_module et_block_module preset--group--divi-text--divi-font-body--default preset--group--divi-text--divi-font-header--default\"><div class=\"et_pb_text_inner\"><h3>Internship positions during studies<\/h3>\n<p>We offer students from various fields the opportunity to complete a <strong>paid internship as part of their studies<\/strong> in a technically demanding and practice-oriented environment.<\/p>\n<p>In doing so, you will gain real insights into the processes of a modern company in ventilation, air conditioning and refrigeration technology as well as related commercial and technical areas.<\/p>\n<\/div><\/div>\n\n<div class=\"et_pb_image_2 et_pb_image et_pb_module et_block_module preset--module--divi-image--15eth5dvf7 preset--module--divi-image--p5xx8gfgtk\"><span class=\"et_pb_image_wrap\"><img loading=\"lazy\" decoding=\"async\" src=\"https:\/\/wuttke-klimatechnik.de\/wp-content\/uploads\/2026\/01\/wuttke_jobs_praktika_A7403951-scaled.jpg\" title=\"wuttke_jobs_praktika_A7403951\" width=\"2560\" height=\"1707\" srcset=\"https:\/\/wuttke-klimatechnik.de\/wp-content\/uploads\/2026\/01\/wuttke_jobs_praktika_A7403951-scaled.jpg 2560w, https:\/\/wuttke-klimatechnik.de\/wp-content\/uploads\/2026\/01\/wuttke_jobs_praktika_A7403951-1280x854.jpg 1280w, https:\/\/wuttke-klimatechnik.de\/wp-content\/uploads\/2026\/01\/wuttke_jobs_praktika_A7403951-980x653.jpg 980w, https:\/\/wuttke-klimatechnik.de\/wp-content\/uploads\/2026\/01\/wuttke_jobs_praktika_A7403951-480x320.jpg 480w\" sizes=\"(min-width: 0px) and (max-width: 480px) 480px, (min-width: 481px) and (max-width: 980px) 980px, (min-width: 981px) and (max-width: 1280px) 1280px, (min-width: 1281px) 2560px, 100vw\" class=\"wp-image-9539\" \/><\/span><\/div>\n<\/div>\n\n<div class=\"et_pb_column_8 et_pb_column et_pb_column_1_2 et-last-child et_block_column et_pb_css_mix_blend_mode_passthrough\">\n<div class=\"et_pb_text_6 et_pb_text et_pb_bg_layout_light et_pb_module et_flex_module preset--group--divi-text--divi-font-body--default preset--group--divi-text--divi-font-header--default\"><div class=\"et_pb_text_inner\"><p>Currently, we can offer internship positions for the following degree programs, among others:<\/p>\n<ul>\n<li>Business Administration, especially with a focus on marketing or corporate organization<\/li>\n<li>Engineering degree programs, e.g. mechanical engineering<\/li>\n<li>Industrial Engineering (Mechanical Engineering and Logistics)<\/li>\n<li>Integrated Design Engineering<\/li>\n<li>Mechatronics<\/li>\n<li>Building services engineering<\/li>\n<\/ul>\n<p>The requirement for an internship is the completion of <strong>at least three semesters of a bachelor\u2019s degree program<\/strong>, appropriate academic performance, and a <strong>minimum internship duration of three months<\/strong>. This ensures that you can be actively involved in ongoing projects and gain real value from the internship.<\/p>\n<p>If you are interested, we look forward to receiving your application. For questions or further information, please feel free to contact us at<br \/><strong>bewerbung(at)wuttke-klimatechnik.de.<\/strong><\/p>\n<\/div><\/div>\n<\/div>\n<\/div>\n<div class=\"et_pb_bottom_inside_divider et-no-transition\"><\/div><\/div>\n\n<div class=\"et_pb_section_3 et_pb_section et_section_regular et_block_section section_has_divider et_pb_bottom_divider preset--module--divi-section--lqkcznloe0\" id=\"klimatechnik\"><div class=\"et_pb_bottom_inside_divider et-no-transition\"><\/div><\/div>","protected":false},"excerpt":{"rendered":"","protected":false},"author":3,"featured_media":0,"parent":0,"menu_order":0,"comment_status":"closed","ping_status":"closed","template":"","meta":{"inline_featured_image":false,"footnotes":""},"class_list":["post-10383","page","type-page","status-publish","hentry"],"_links":{"self":[{"href":"https:\/\/wuttke-klimatechnik.de\/en\/wp-json\/wp\/v2\/pages\/10383","targetHints":{"allow":["GET"]}}],"collection":[{"href":"https:\/\/wuttke-klimatechnik.de\/en\/wp-json\/wp\/v2\/pages"}],"about":[{"href":"https:\/\/wuttke-klimatechnik.de\/en\/wp-json\/wp\/v2\/types\/page"}],"author":[{"embeddable":true,"href":"https:\/\/wuttke-klimatechnik.de\/en\/wp-json\/wp\/v2\/users\/3"}],"replies":[{"embeddable":true,"href":"https:\/\/wuttke-klimatechnik.de\/en\/wp-json\/wp\/v2\/comments?post=10383"}],"version-history":[{"count":1,"href":"https:\/\/wuttke-klimatechnik.de\/en\/wp-json\/wp\/v2\/pages\/10383\/revisions"}],"predecessor-version":[{"id":10384,"href":"https:\/\/wuttke-klimatechnik.de\/en\/wp-json\/wp\/v2\/pages\/10383\/revisions\/10384"}],"wp:attachment":[{"href":"https:\/\/wuttke-klimatechnik.de\/en\/wp-json\/wp\/v2\/media?parent=10383"}],"curies":[{"name":"wp","href":"https:\/\/api.w.org\/{rel}","templated":true}]}}